{"id":7700,"date":"2025-05-12T23:23:36","date_gmt":"2025-05-12T21:23:36","guid":{"rendered":"https:\/\/thesquads.io\/es\/?page_id=7700"},"modified":"2025-11-04T10:29:09","modified_gmt":"2025-11-04T09:29:09","slug":"cookies","status":"publish","type":"page","link":"https:\/\/thesquads.io\/es\/cookies\/","title":{"rendered":"Cookies"},"content":{"rendered":"\t\t<div data-elementor-type=\"wp-page\" data-elementor-id=\"7700\" class=\"elementor elementor-7700\">\n\t\t\t\t\t\t<section class=\"elementor-section elementor-top-section elementor-element elementor-element-c8b301a elementor-hidden-tablet elementor-hidden-mobile elementor-section-boxed elementor-section-height-default elementor-section-height-default\" data-id=\"c8b301a\" data-element_type=\"section\" data-settings=\"{&quot;background_background&quot;:&quot;classic&quot;}\">\n\t\t\t\t\t\t\t<div class=\"elementor-background-overlay\"><\/div>\n\t\t\t\t\t\t\t<div class=\"elementor-container elementor-column-gap-default\">\n\t\t\t\t\t<div class=\"elementor-column elementor-col-100 elementor-top-column elementor-element elementor-element-1bda118\" data-id=\"1bda118\" data-element_type=\"column\">\n\t\t\t<div class=\"elementor-widget-wrap elementor-element-populated\">\n\t\t\t\t\t\t<div class=\"elementor-element elementor-element-2852ebe elementor-widget elementor-widget-spacer\" data-id=\"2852ebe\" data-element_type=\"widget\" data-widget_type=\"spacer.default\">\n\t\t\t\t<div class=\"elementor-widget-container\">\n\t\t\t\t\t\t\t<div class=\"elementor-spacer\">\n\t\t\t<div class=\"elementor-spacer-inner\"><\/div>\n\t\t<\/div>\n\t\t\t\t\t\t<\/div>\n\t\t\t\t<\/div>\n\t\t\t\t\t<\/div>\n\t\t<\/div>\n\t\t\t\t\t<\/div>\n\t\t<\/section>\n\t\t<div class=\"elementor-element elementor-element-f0f5595 e-flex e-con-boxed e-con e-parent\" data-id=\"f0f5595\" data-element_type=\"container\">\n\t\t\t\t\t<div class=\"e-con-inner\">\n\t\t\t\t<div class=\"elementor-element elementor-element-515634b elementor-widget elementor-widget-spacer\" data-id=\"515634b\" data-element_type=\"widget\" data-widget_type=\"spacer.default\">\n\t\t\t\t<div class=\"elementor-widget-container\">\n\t\t\t\t\t\t\t<div class=\"elementor-spacer\">\n\t\t\t<div class=\"elementor-spacer-inner\"><\/div>\n\t\t<\/div>\n\t\t\t\t\t\t<\/div>\n\t\t\t\t<\/div>\n\t\t\t\t<div class=\"elementor-element elementor-element-4f6ef56 elementor-widget elementor-widget-text-editor\" data-id=\"4f6ef56\" data-element_type=\"widget\" data-widget_type=\"text-editor.default\">\n\t\t\t\t<div class=\"elementor-widget-container\">\n\t\t\t\t\t\t\t\t\t<div class=\"elementor-element elementor-element-43d8c507 elementor-widget__width-initial elementor-widget elementor-widget-text-editor\" data-id=\"43d8c507\" data-element_type=\"widget\" data-widget_type=\"text-editor.default\"><div class=\"elementor-widget-container\"><div class=\"bt_bb_text\"><p>Las <strong>cookies<\/strong> son peque\u00f1os archivos que las p\u00e1ginas web almacenan en el navegador del usuario que las visita y resultan necesarios para aportar a la navegaci\u00f3n web innumerables ventajas en la prestaci\u00f3n de servicios interactivos. Estos archivos permiten el almacenamiento en el terminal del usuario de cantidades de datos que van de unos pocos kilobytes a varios Megabytes.<\/p><p>La siguiente informaci\u00f3n de los tipos posibles de cookies le ayudar\u00e1 a comprender mejor y valorar nuestra pol\u00edtica de cookies:<\/p><ol><li><strong>Cookies de sesi\u00f3n<\/strong>: son cookies temporales que permanecen en su equipo hasta que abandona la p\u00e1gina web que las usa, por lo que ninguna queda registrada en el disco del usuario. La informaci\u00f3n obtenida por medio de estas cookies sirve para hacer posible la gesti\u00f3n operativa con cada uno de los usuarios que est\u00e1 accediendo de forma simult\u00e1nea a la web.<\/li><li><strong>Cookies persistentes<\/strong>: son cookies que permanecen almacenadas en el espacio de cookies de su equipo una vez abandonada la p\u00e1gina web, y que volver\u00e1n a ser consultadas por dicha p\u00e1gina web la pr\u00f3xima vez que usted acceda a ella, con la finalidad de recordar informaci\u00f3n que facilite la navegaci\u00f3n (ejemplo: acceder directamente al servicio sin necesidad de hacer el proceso de login) o la prestaci\u00f3n de un servicio comercial (ejemplo: ofrecer aquellos productos o servicios relacionados con anteriores visitas).<\/li><\/ol><h4>Las cookies intercambiadas al navegar por una p\u00e1gina web pueden ser:<\/h4><ol><li><strong>Cookies de origen o propias<\/strong>: son cookies generadas por la propia p\u00e1gina web que se est\u00e1 visitando.<\/li><li><strong>Cookies de terceros<\/strong>: son cookies que se reciben al navegar por esa p\u00e1gina web, pero que han sido generadas por un tercer servicio que se encuentra hospedado en ella. Un ejemplo puede ser la cookie empleada por un anuncio o banner de publicidad que se encuentra en la p\u00e1gina web que visitamos. Otro puede ser la cookie empleada por un contador de visitantes contratado por la p\u00e1gina web que visitamos.<\/li><\/ol><h4>Las cookies pueden ser usadas con diferentes finalidades:<\/h4><ol><li><strong>Fines t\u00e9cnicos<\/strong>: Permiten al usuario la navegaci\u00f3n a trav\u00e9s de una p\u00e1gina web, plataforma o aplicaci\u00f3n y la utilizaci\u00f3n de las diferentes opciones o servicios que en ella existan como, por ejemplo, controlar el tr\u00e1fico y la comunicaci\u00f3n de datos, identificar la sesi\u00f3n, acceder a partes de acceso restringido, recordar los elementos que integran un pedido, realizar el proceso de compra de un pedido, realizar la solicitud de inscripci\u00f3n o participaci\u00f3n en un evento, utilizar elementos de seguridad durante la navegaci\u00f3n, almacenar contenidos para la difusi\u00f3n de videos o sonido o compartir contenidos a trav\u00e9s de redes sociales.<\/li><li><strong>De personalizaci\u00f3n<\/strong>: Permiten al usuario acceder al servicio con algunas caracter\u00edsticas de car\u00e1cter general predefinidas en funci\u00f3n de una serie de criterios en el terminal del usuario como por ejemplo el idioma, el tipo de navegador por el que se accede al servicio, la configuraci\u00f3n regional desde donde se accede, etc.<\/li><li><strong>An\u00e1lisis o rendimiento<\/strong>: Permiten al responsable de las mismas, el seguimiento y an\u00e1lisis del comportamiento de los usuarios de los sitios web a los que est\u00e1n vinculadas. La informaci\u00f3n recogida mediante este tipo de cookies se utiliza en la medici\u00f3n de la actividad de los sitios web, aplicaci\u00f3n o plataforma y para la elaboraci\u00f3n de perfiles de navegaci\u00f3n de los usuarios de dichos sitios, aplicaciones y plataformas, con el fin de introducir mejoras en funci\u00f3n del an\u00e1lisis de los datos de uso que hacen los usuarios del servicio.<\/li><li><strong>Publicidad comportamental<\/strong>: Permiten la gesti\u00f3n, de la forma m\u00e1s eficaz posible, de los espacios publicitarios que, en su caso, el editor haya incluido en una p\u00e1gina web, aplicaci\u00f3n o plataforma desde la que presta el servicio solicitado. Estas cookies almacenan informaci\u00f3n del comportamiento de los usuarios obtenida a trav\u00e9s de la observaci\u00f3n continuada de sus h\u00e1bitos de navegaci\u00f3n, lo que permite desarrollar un perfil espec\u00edfico para mostrar publicidad en funci\u00f3n del mismo.<\/li><\/ol><h4>No utilizamos cookies no exentas<\/h4><p>No encontrar\u00e1s un banner de cookies. Este sitio web se basa \u00fanicamente en cookies funcionales.<\/p><h4>Eliminaci\u00f3n de Cookies<\/h4><p>Si usted quiere eliminar de su navegador las cookies registradas por CloudIn, aqu\u00ed tiene instrucciones para hacerlo seg\u00fan los distintos navegadores existentes:<\/p><ul><li><a href=\"https:\/\/support.microsoft.com\/es-es\/help\/278835\/how-to-delete-cookie-files-in-internet-explorer\" target=\"_blank\" rel=\"noopener\">Internet Explorer<\/a><\/li><li><a href=\"https:\/\/support.microsoft.com\/es-es\/topic\/eliminar-y-administrar-cookies-168dab11-0753-043d-7c16-ede5947fc64d\" target=\"_blank\" rel=\"noopener\">Microsoft Edge<\/a><\/li><li><a href=\"https:\/\/support.google.com\/chrome\/answer\/95647?co=GENIE.Platform%3DAndroid&amp;hl=es-419\">Google Chrome<\/a><\/li><li><a href=\"https:\/\/support.mozilla.org\/es\/kb\/Borrar%20cookies\" target=\"_blank\" rel=\"noopener\">Firefox<\/a><\/li><li><a href=\"https:\/\/support.apple.com\/es-es\/HT201265\" target=\"_blank\" rel=\"noopener\">Safari<\/a><\/li><li>Otros: Por lo general, para eliminar las cookies de su navegador deber\u00e1 ir al men\u00fa Preferencias o Configuraci\u00f3n del navegador y buscar la secci\u00f3n Privacidad. All\u00ed encontrar\u00e1 opciones para gestionar sus cookies y otros datos almacenados por los sitios web que visita, as\u00ed como configurar el comportamiento de su navegador al tratar las cookies.<\/li><\/ul><h4>Configuraci\u00f3n de cookies<\/h4><p>Asimismo, le informamos de que el usuario en cualquier momento podr\u00e1 rechazar o configurar el uso de Cookies, a trav\u00e9s de los siguientes tipos de configuraci\u00f3n dependiendo de la forma de navegaci\u00f3n que el usuario realiza.<\/p><\/div><\/div><\/div>\t\t\t\t\t\t\t\t<\/div>\n\t\t\t\t<\/div>\n\t\t\t\t\t<\/div>\n\t\t\t\t<\/div>\n\t\t\t\t<section class=\"elementor-section elementor-top-section elementor-element elementor-element-3cd40879 elementor-section-boxed elementor-section-height-default elementor-section-height-default\" data-id=\"3cd40879\" data-element_type=\"section\" data-settings=\"{&quot;background_background&quot;:&quot;classic&quot;,&quot;shape_divider_top&quot;:&quot;lqd-custom-shape-15&quot;}\">\n\t\t\t\t\t\t\t<div class=\"elementor-background-overlay\"><\/div>\n\t\t\t\t\t\t<div class=\"elementor-shape elementor-shape-top\" aria-hidden=\"true\" data-negative=\"false\">\n\t\t\t<svg class=\"lqd-custom-shape\"  fill=\"none\" height=\"461\" viewBox=\"0 0 1440 461\" width=\"1440\" xmlns=\"http:\/\/www.w3.org\/2000\/svg\" preserveAspectRatio=\"none\">\n  <path class=\"elementor-shape-fill\" d=\"m0 131.906 34.4-20.017c34.4-19.9 103.2-59.936 171.68-82.979 68.64-23.043 136.8-29.328003 205.44-4.306 68.48 25.022 137.28 81.35 205.76 80.768 68.64-.582 136.8-58.074 205.44-84.608 68.48-26.535 137.28-22.345 205.76-16.06 68.64 6.168 136.8 14.315 205.44 22.811 68.48 8.612 137.28 17.457 171.68 22l34.4 4.422v396.851h-1440z\" fill-opacity=\".09\">\n    <animate repeatCount=\"indefinite\" fill=\"freeze\" attributeName=\"d\" dur=\"10s\" values=\"M0 131.906L34.4 111.889C68.8 91.989 137.6 51.953 206.08 28.91C274.72 5.867 342.88 -0.418001 411.52 24.604C480 49.626 548.8 105.954 617.28 105.372C685.92 104.79 754.08 47.298 822.72 20.764C891.2 -5.771 960 -1.581 1028.48 4.704C1097.12 10.872 1165.28 19.019 1233.92 27.515C1302.4 36.127 1371.2 44.972 1405.6 49.515L1440 53.937V450.788H0L0 131.906Z; M0 122.906L36.5 109C71.5 96.372 102.52 67.98 171 44.937C239.64 21.894 354.36 51.478 423 76.5C491.48 101.522 546.52 19.097 615 18.515C683.64 17.933 799.36 58.534 868 32C936.48 5.46499 1039.52 54.715 1108 61C1176.64 67.168 1190.36 -6.996 1259 1.5C1327.48 10.112 1371.2 35.972 1405.6 40.515L1440 44.937V441.788H0L0 122.906Z; M0 131.906L34.4 111.889C68.8 91.989 137.6 51.953 206.08 28.91C274.72 5.867 342.88 -0.418001 411.52 24.604C480 49.626 548.8 105.954 617.28 105.372C685.92 104.79 754.08 47.298 822.72 20.764C891.2 -5.771 960 -1.581 1028.48 4.704C1097.12 10.872 1165.28 19.019 1233.92 27.515C1302.4 36.127 1371.2 44.972 1405.6 49.515L1440 53.937V450.788H0L0 131.906Z\">\n    <\/animate>\n  <\/path>\n  <path class=\"elementor-shape-fill\" d=\"M0 154.75L34.4 142.201C68.8 129.53 137.6 104.433 206.08 99.072C274.72 93.833 342.88 108.453 411.52 122.099C480 135.622 548.8 148.293 617.28 142.811C685.92 137.329 754.08 113.693 822.72 113.693C891.2 113.693 960 137.329 1028.48 152.68C1097.12 168.153 1165.28 175.463 1233.92 184.966C1302.4 194.591 1371.2 206.287 1405.6 212.257L1440 218.105V452.025H0L0 154.75Z\" fill-opacity=\".28\">\n    <animate repeatCount=\"indefinite\" fill=\"freeze\" attributeName=\"d\" dur=\"8s\" values=\"M0 154.75C0 154.75 12.8 142.902 34.4 142.201C56 141.5 140.02 160.111 208.5 154.75C277.14 149.511 334.36 112.57 403 126.216C471.48 139.739 552.52 190.448 621 184.966C689.64 179.484 745.36 116 814 116C882.48 116 950.52 161.149 1019 176.5C1087.64 191.973 1154.36 123.997 1223 133.5C1291.48 143.125 1371.2 206.287 1405.6 212.257L1440 218.105V452.025H0L0 154.75Z; M0 154.75C0 154.75 33.4 177.201 55 176.5C76.6 175.799 137.52 110.361 206 105C274.64 99.761 332.86 141.104 401.5 154.75C469.98 168.273 527.52 206.982 596 201.5C664.64 196.018 747.86 75 816.5 75C884.98 75 956.52 118.149 1025 133.5C1093.64 148.973 1163.36 87.497 1232 97C1300.48 106.625 1371.2 206.287 1405.6 212.257L1440 218.105V452.025H0L0 154.75Z; M0 154.75C0 154.75 12.8 142.902 34.4 142.201C56 141.5 140.02 160.111 208.5 154.75C277.14 149.511 334.36 112.57 403 126.216C471.48 139.739 552.52 190.448 621 184.966C689.64 179.484 745.36 116 814 116C882.48 116 950.52 161.149 1019 176.5C1087.64 191.973 1154.36 123.997 1223 133.5C1291.48 143.125 1371.2 206.287 1405.6 212.257L1440 218.105V452.025H0L0 154.75Z\">\n    <\/animate>\n  <\/path>\n  <path class=\"elementor-shape-fill\" d=\"M0 340.22L34.4 333.92C68.8 327.52 137.6 314.92 206.08 312.22C274.72 309.52 342.88 316.92 411.52 319.72C480 322.52 548.8 320.92 617.28 318.92C685.92 316.92 754.08 314.52 822.72 316.02C891.2 317.52 960 322.92 1028.48 309.42C1097.12 295.92 1165.28 263.52 1233.92 251.02C1302.4 238.52 1371.2 245.92 1405.6 249.52L1440 253.22V453.22H0L0 340.22Z\">\n    <animate repeatCount=\"indefinite\" fill=\"freeze\" attributeName=\"d\" dur=\"6.5s\" values=\"M0 340.22L34.4 333.92C68.8 327.52 139.02 281.2 207.5 278.5C276.14 275.8 351.86 331.12 420.5 333.92C488.98 336.72 554.52 289 623 287C691.64 285 756.86 332.42 825.5 333.92C893.98 335.42 960 322.92 1028.48 309.42C1097.12 295.92 1163.36 236 1232 223.5C1300.48 211 1371.2 245.92 1405.6 249.52L1440 253.22V453.22H0L0 340.22Z; M0 340.22L37.5 323C71.9 316.6 137.52 336.62 206 333.92C274.64 331.22 339.86 272.2 408.5 275C476.98 277.8 551.02 304 619.5 302C688.14 300 759.36 266.5 828 268C896.48 269.5 962.02 336.5 1030.5 323C1099.14 309.5 1156.36 232.5 1225 220C1293.48 207.5 1364.1 249.62 1398.5 253.22L1440 253.22V453.22H0L0 340.22Z; M0 340.22L34.4 333.92C68.8 327.52 139.02 281.2 207.5 278.5C276.14 275.8 351.86 331.12 420.5 333.92C488.98 336.72 554.52 289 623 287C691.64 285 756.86 332.42 825.5 333.92C893.98 335.42 960 322.92 1028.48 309.42C1097.12 295.92 1163.36 236 1232 223.5C1300.48 211 1371.2 245.92 1405.6 249.52L1440 253.22V453.22H0L0 340.22Z\">\n    <\/animate>\n  <\/path>\n  <path class=\"elementor-shape-fill\" d=\"M1440 337.719L1405.6 340.219C1371.2 342.719 1302.4 347.719 1233.92 350.419C1165.28 353.019 1097.12 353.419 1028.48 352.219C960 351.019 891.2 348.419 822.72 357.019C754.08 365.719 685.92 385.719 617.28 395.919C548.8 406.019 480 406.419 411.52 395.919C342.88 385.419 274.72 364.019 206.08 359.419C137.6 354.719 68.8 366.719 34.4 372.719L0 378.719V460.719H1440V337.719Z\">\n    <animate repeatCount=\"indefinite\" fill=\"freeze\" attributeName=\"d\" dur=\"5.5s\" values=\"M1440 337.719L1405.6 340.219C1371.2 342.719 1303.98 362.8 1235.5 365.5C1166.86 368.1 1090.14 324.2 1021.5 323C953.02 321.8 889.48 383.4 821 392C752.36 400.7 678.64 368.519 610 378.719C541.52 388.819 473.48 414.5 405 404C336.36 393.5 273.64 342.319 205 337.719C136.52 333.019 68.8 366.719 34.4 372.719L0 378.719V460.719H1440V337.719Z; M1440 337.719L1405.6 340.219C1371.2 342.719 1295.98 326.3 1227.5 329C1158.86 331.6 1081.64 391.2 1013 390C944.52 388.8 874.48 364.119 806 372.719C737.36 381.419 675.14 296.3 606.5 306.5C538.02 316.6 471.48 383.219 403 372.719C334.36 362.219 272.64 320.6 204 316C135.52 311.3 68.8 366.719 34.4 372.719L0 378.719V460.719H1440V337.719Z; M1440 337.719L1405.6 340.219C1371.2 342.719 1303.98 362.8 1235.5 365.5C1166.86 368.1 1090.14 324.2 1021.5 323C953.02 321.8 889.48 383.4 821 392C752.36 400.7 678.64 368.519 610 378.719C541.52 388.819 473.48 414.5 405 404C336.36 393.5 273.64 342.319 205 337.719C136.52 333.019 68.8 366.719 34.4 372.719L0 378.719V460.719H1440V337.719Z\">\n    <\/animate>\n  <\/path>\n<\/svg>\t\t<\/div>\n\t\t\t\t\t<div class=\"elementor-container elementor-column-gap-default\">\n\t\t\t\t\t<div class=\"elementor-column elementor-col-100 elementor-top-column elementor-element elementor-element-1c1e5c6\" data-id=\"1c1e5c6\" data-element_type=\"column\">\n\t\t\t<div class=\"elementor-widget-wrap elementor-element-populated\">\n\t\t\t\t\t\t<div class=\"elementor-element elementor-element-46ee011c elementor-widget elementor-widget-hub_fancy_heading\" data-id=\"46ee011c\" data-element_type=\"widget\" data-widget_type=\"hub_fancy_heading.default\">\n\t\t\t\t<div class=\"elementor-widget-container\">\n\t\t\t\t\t\n\t\t<div id=\"ld-fancy-heading-6a0701acb9512\" class=\"ld-fancy-heading pos-rel\">\n\t\t\t<h2 class=\"ld-fh-element d-inline-block pos-rel  elementor-heading-title lqd-highlight-classic lqd-highlight-grow-left h2\"  > \u00bfQuieres m\u00e1s clientes? <br>Venga  <span style=\"font-family: Playfair Display, palatino, serif;font-weight: bold;color: #000\"><em>empezamos.<\/em><\/span><\/h2>\t\t<\/div>\n\n\t\t\t\t\t\t<\/div>\n\t\t\t\t<\/div>\n\t\t\t\t<div class=\"elementor-element elementor-element-77394727 elementor-widget__width-auto elementor-widget elementor-widget-ld_button\" data-id=\"77394727\" data-element_type=\"widget\" data-widget_type=\"ld_button.default\">\n\t\t\t\t<div class=\"elementor-widget-container\">\n\t\t\t\t\t\n\t\t\t<a\n\t\t\t\thref=\"https:\/\/thesquads.io\/es\/contacto\/\"class=\"elementor-button btn btn-solid btn-lg btn-icon-right btn-has-label\"\t\t\t>\n\t\t\t\t\t\t\t\t\t<span data-text=\"Escr\u00edbenos\" class=\"btn-txt\">\n\t\t\t\t\t\tEscr\u00edbenos\t\t\t\t\t<\/span>\n\t\t\t\t\t\t\t\t\t\t\t\t\t\t<span class=\"btn-icon\">\n\t\t\t\t\t\t\t<i aria-hidden=\"true\" class=\"lqd-icn-ess icon-lqd-pen\"><\/i>\t\t\t\t\t\t<\/span>\n\t\t\t\t\t\t\t\t\t<\/a>\n\t\t\t\t\t\t\t<\/div>\n\t\t\t\t<\/div>\n\t\t\t\t\t<\/div>\n\t\t<\/div>\n\t\t\t\t\t<\/div>\n\t\t<\/section>\n\t\t\t\t<\/div>\n\t\t","protected":false},"excerpt":{"rendered":"<p>Las cookies son peque\u00f1os archivos que las p\u00e1ginas web almacenan en el navegador del usuario que las visita y resultan necesarios para aportar a la navegaci\u00f3n web innumerables ventajas en la prestaci\u00f3n de servicios interactivos. Estos archivos permiten el almacenamiento en el terminal del usuario de cantidades de datos que van de unos pocos kilobytes [&hellip;]<\/p>\n","protected":false},"author":1,"featured_media":0,"parent":0,"menu_order":0,"comment_status":"closed","ping_status":"closed","template":"","meta":{"footnotes":""},"class_list":["post-7700","page","type-page","status-publish","hentry"],"yoast_head":"<!-- This site is optimized with the Yoast SEO plugin v25.3.1 - https:\/\/yoast.com\/wordpress\/plugins\/seo\/ -->\n<title>Cookies - The Squads<\/title>\n<meta name=\"robots\" content=\"noindex, follow\" \/>\n<meta property=\"og:locale\" content=\"es_ES\" \/>\n<meta property=\"og:type\" content=\"article\" \/>\n<meta property=\"og:title\" content=\"Cookies - The Squads\" \/>\n<meta property=\"og:description\" content=\"Las cookies son peque\u00f1os archivos que las p\u00e1ginas web almacenan en el navegador del usuario que las visita y resultan necesarios para aportar a la navegaci\u00f3n web innumerables ventajas en la prestaci\u00f3n de servicios interactivos. Estos archivos permiten el almacenamiento en el terminal del usuario de cantidades de datos que van de unos pocos kilobytes [&hellip;]\" \/>\n<meta property=\"og:url\" content=\"https:\/\/thesquads.io\/es\/cookies\/\" \/>\n<meta property=\"og:site_name\" content=\"The Squads\" \/>\n<meta property=\"article:modified_time\" content=\"2025-11-04T09:29:09+00:00\" \/>\n<meta property=\"og:image\" content=\"https:\/\/thesquads.io\/es\/wp-content\/uploads\/2021\/08\/squads-hand.png\" \/>\n\t<meta property=\"og:image:width\" content=\"483\" \/>\n\t<meta property=\"og:image:height\" content=\"730\" \/>\n\t<meta property=\"og:image:type\" content=\"image\/png\" \/>\n<meta name=\"twitter:card\" content=\"summary_large_image\" \/>\n<meta name=\"twitter:label1\" content=\"Tiempo de lectura\" \/>\n\t<meta name=\"twitter:data1\" content=\"8 minutos\" \/>\n<script type=\"application\/ld+json\" class=\"yoast-schema-graph\">{\"@context\":\"https:\/\/schema.org\",\"@graph\":[{\"@type\":\"WebPage\",\"@id\":\"https:\/\/thesquads.io\/es\/cookies\/\",\"url\":\"https:\/\/thesquads.io\/es\/cookies\/\",\"name\":\"Cookies - The Squads\",\"isPartOf\":{\"@id\":\"https:\/\/thesquads.io\/es\/#website\"},\"datePublished\":\"2025-05-12T21:23:36+00:00\",\"dateModified\":\"2025-11-04T09:29:09+00:00\",\"breadcrumb\":{\"@id\":\"https:\/\/thesquads.io\/es\/cookies\/#breadcrumb\"},\"inLanguage\":\"es\",\"potentialAction\":[{\"@type\":\"ReadAction\",\"target\":[\"https:\/\/thesquads.io\/es\/cookies\/\"]}]},{\"@type\":\"BreadcrumbList\",\"@id\":\"https:\/\/thesquads.io\/es\/cookies\/#breadcrumb\",\"itemListElement\":[{\"@type\":\"ListItem\",\"position\":1,\"name\":\"Portada\",\"item\":\"https:\/\/thesquads.io\/es\/\"},{\"@type\":\"ListItem\",\"position\":2,\"name\":\"Cookies\"}]},{\"@type\":\"WebSite\",\"@id\":\"https:\/\/thesquads.io\/es\/#website\",\"url\":\"https:\/\/thesquads.io\/es\/\",\"name\":\"The Squads - Agencia de marketing digital\",\"description\":\"\",\"publisher\":{\"@id\":\"https:\/\/thesquads.io\/es\/#organization\"},\"alternateName\":\"Agencia de marketing digital - The Squads\",\"potentialAction\":[{\"@type\":\"SearchAction\",\"target\":{\"@type\":\"EntryPoint\",\"urlTemplate\":\"https:\/\/thesquads.io\/es\/?s={search_term_string}\"},\"query-input\":{\"@type\":\"PropertyValueSpecification\",\"valueRequired\":true,\"valueName\":\"search_term_string\"}}],\"inLanguage\":\"es\"},{\"@type\":\"Organization\",\"@id\":\"https:\/\/thesquads.io\/es\/#organization\",\"name\":\"The Squads - Agencia de marketing digital\",\"url\":\"https:\/\/thesquads.io\/es\/\",\"logo\":{\"@type\":\"ImageObject\",\"inLanguage\":\"es\",\"@id\":\"https:\/\/thesquads.io\/es\/#\/schema\/logo\/image\/\",\"url\":\"https:\/\/thesquads.io\/es\/wp-content\/uploads\/2021\/08\/squads-hand.png\",\"contentUrl\":\"https:\/\/thesquads.io\/es\/wp-content\/uploads\/2021\/08\/squads-hand.png\",\"width\":483,\"height\":730,\"caption\":\"The Squads - Agencia de marketing digital\"},\"image\":{\"@id\":\"https:\/\/thesquads.io\/es\/#\/schema\/logo\/image\/\"}}]}<\/script>\n<!-- \/ Yoast SEO plugin. -->","yoast_head_json":{"title":"Cookies - The Squads","robots":{"index":"noindex","follow":"follow"},"og_locale":"es_ES","og_type":"article","og_title":"Cookies - The Squads","og_description":"Las cookies son peque\u00f1os archivos que las p\u00e1ginas web almacenan en el navegador del usuario que las visita y resultan necesarios para aportar a la navegaci\u00f3n web innumerables ventajas en la prestaci\u00f3n de servicios interactivos. Estos archivos permiten el almacenamiento en el terminal del usuario de cantidades de datos que van de unos pocos kilobytes [&hellip;]","og_url":"https:\/\/thesquads.io\/es\/cookies\/","og_site_name":"The Squads","article_modified_time":"2025-11-04T09:29:09+00:00","og_image":[{"width":483,"height":730,"url":"https:\/\/thesquads.io\/es\/wp-content\/uploads\/2021\/08\/squads-hand.png","type":"image\/png"}],"twitter_card":"summary_large_image","twitter_misc":{"Tiempo de lectura":"8 minutos"},"schema":{"@context":"https:\/\/schema.org","@graph":[{"@type":"WebPage","@id":"https:\/\/thesquads.io\/es\/cookies\/","url":"https:\/\/thesquads.io\/es\/cookies\/","name":"Cookies - The Squads","isPartOf":{"@id":"https:\/\/thesquads.io\/es\/#website"},"datePublished":"2025-05-12T21:23:36+00:00","dateModified":"2025-11-04T09:29:09+00:00","breadcrumb":{"@id":"https:\/\/thesquads.io\/es\/cookies\/#breadcrumb"},"inLanguage":"es","potentialAction":[{"@type":"ReadAction","target":["https:\/\/thesquads.io\/es\/cookies\/"]}]},{"@type":"BreadcrumbList","@id":"https:\/\/thesquads.io\/es\/cookies\/#breadcrumb","itemListElement":[{"@type":"ListItem","position":1,"name":"Portada","item":"https:\/\/thesquads.io\/es\/"},{"@type":"ListItem","position":2,"name":"Cookies"}]},{"@type":"WebSite","@id":"https:\/\/thesquads.io\/es\/#website","url":"https:\/\/thesquads.io\/es\/","name":"The Squads - Agencia de marketing digital","description":"","publisher":{"@id":"https:\/\/thesquads.io\/es\/#organization"},"alternateName":"Agencia de marketing digital - The Squads","potentialAction":[{"@type":"SearchAction","target":{"@type":"EntryPoint","urlTemplate":"https:\/\/thesquads.io\/es\/?s={search_term_string}"},"query-input":{"@type":"PropertyValueSpecification","valueRequired":true,"valueName":"search_term_string"}}],"inLanguage":"es"},{"@type":"Organization","@id":"https:\/\/thesquads.io\/es\/#organization","name":"The Squads - Agencia de marketing digital","url":"https:\/\/thesquads.io\/es\/","logo":{"@type":"ImageObject","inLanguage":"es","@id":"https:\/\/thesquads.io\/es\/#\/schema\/logo\/image\/","url":"https:\/\/thesquads.io\/es\/wp-content\/uploads\/2021\/08\/squads-hand.png","contentUrl":"https:\/\/thesquads.io\/es\/wp-content\/uploads\/2021\/08\/squads-hand.png","width":483,"height":730,"caption":"The Squads - Agencia de marketing digital"},"image":{"@id":"https:\/\/thesquads.io\/es\/#\/schema\/logo\/image\/"}}]}},"_links":{"self":[{"href":"https:\/\/thesquads.io\/es\/wp-json\/wp\/v2\/pages\/7700","targetHints":{"allow":["GET"]}}],"collection":[{"href":"https:\/\/thesquads.io\/es\/wp-json\/wp\/v2\/pages"}],"about":[{"href":"https:\/\/thesquads.io\/es\/wp-json\/wp\/v2\/types\/page"}],"author":[{"embeddable":true,"href":"https:\/\/thesquads.io\/es\/wp-json\/wp\/v2\/users\/1"}],"replies":[{"embeddable":true,"href":"https:\/\/thesquads.io\/es\/wp-json\/wp\/v2\/comments?post=7700"}],"version-history":[{"count":7,"href":"https:\/\/thesquads.io\/es\/wp-json\/wp\/v2\/pages\/7700\/revisions"}],"predecessor-version":[{"id":9434,"href":"https:\/\/thesquads.io\/es\/wp-json\/wp\/v2\/pages\/7700\/revisions\/9434"}],"wp:attachment":[{"href":"https:\/\/thesquads.io\/es\/wp-json\/wp\/v2\/media?parent=7700"}],"curies":[{"name":"wp","href":"https:\/\/api.w.org\/{rel}","templated":true}]}}